{"id":19,"date":"2025-03-19T07:40:26","date_gmt":"2025-03-19T07:40:26","guid":{"rendered":"https:\/\/stringtriotrinity.com\/home\/"},"modified":"2026-01-12T07:41:14","modified_gmt":"2026-01-12T07:41:14","slug":"domov","status":"publish","type":"page","link":"https:\/\/stringtriotrinity.com\/en\/","title":{"rendered":"Home"},"content":{"rendered":"<div data-elementor-type=\"wp-page\" data-elementor-id=\"19\" class=\"elementor elementor-19\">\n\t\t\t\t<div class=\"elementor-element elementor-element-3dd9e5a e-flex e-con-boxed e-con e-parent\" data-id=\"3dd9e5a\" data-element_type=\"container\" data-settings=\"{&quot;background_background&quot;:&quot;classic&quot;}\">\n\t\t\t\t\t<div class=\"e-con-inner\">\n\t\t<div class=\"elementor-element elementor-element-9da3882 e-con-full e-flex e-con e-child\" data-id=\"9da3882\" data-element_type=\"container\">\n\t\t\t\t<div class=\"elementor-element elementor-element-199c377 elementor-widget elementor-widget-heading\" data-id=\"199c377\" data-element_type=\"widget\" data-widget_type=\"heading.default\">\n\t\t\t\t<div class=\"elementor-widget-container\">\n\t\t\t\t\t<h1 class=\"elementor-heading-title elementor-size-default\">String Trio Trinity<\/h1>\t\t\t\t<\/div>\n\t\t\t\t<\/div>\n\t\t\t\t<\/div>\n\t\t\t\t\t<\/div>\n\t\t\t\t<\/div>\n\t\t<div class=\"elementor-element elementor-element-2658ba2 e-flex e-con-boxed e-con e-parent\" data-id=\"2658ba2\" data-element_type=\"container\">\n\t\t\t\t\t<div class=\"e-con-inner\">\n\t\t\t\t<div class=\"elementor-element elementor-element-4e8a5c5 elementor-widget elementor-widget-text-editor\" data-id=\"4e8a5c5\" data-element_type=\"widget\" data-widget_type=\"text-editor.default\">\n\t\t\t\t<div class=\"elementor-widget-container\">\n\t\t\t\t\t\t\t\t\t<p>We are the string trio TriNity, consisting of academically trained classical musicians\u2014violinist Vivijana Rogina, cellist Gorazd Strli\u010d, and violist Petar Njegovan. We are all colleagues and members of the symphony orchestra of the Maribor Opera Theatre, where we were brought together by a shared love of music.<\/p><p>We founded the trio with the desire to make music together beyond the confines of symphonic and operatic repertoire. With this ensemble, we explore a wide range of musical genres and introduce audiences to the distinctive approach to chamber music that a string trio offers. We believe the trio is a unique form of collective expression, in which a rich palette of sounds, harmonies, and emotions is interwoven through three voices.<\/p><p>Unlike traditional chamber ensembles, where balance is achieved among four voices, we create fullness, sonic freedom, and a powerful harmonic and musical expression with three equal voices. It is precisely this challenge and distinctiveness of the string trio that inspire us to reach the widest possible audience through music.<\/p>\t\t\t\t\t\t\t\t<\/div>\n\t\t\t\t<\/div>\n\t\t\t\t\t<\/div>\n\t\t\t\t<\/div>\n\t\t<div class=\"elementor-element elementor-element-ab44a26 e-flex e-con-boxed e-con e-parent\" data-id=\"ab44a26\" data-element_type=\"container\">\n\t\t\t\t\t<div class=\"e-con-inner\">\n\t\t\t\t<div class=\"elementor-element elementor-element-cd3d820 elementor-widget elementor-widget-heading\" data-id=\"cd3d820\" data-element_type=\"widget\" data-widget_type=\"heading.default\">\n\t\t\t\t<div class=\"elementor-widget-container\">\n\t\t\t\t\t<h2 class=\"elementor-heading-title elementor-size-default\">Vivijana Rogina njegovan<\/h2>\t\t\t\t<\/div>\n\t\t\t\t<\/div>\n\t\t\t\t\t<\/div>\n\t\t\t\t<\/div>\n\t\t<div class=\"elementor-element elementor-element-dbd2f07 e-flex e-con-boxed e-con e-parent\" data-id=\"dbd2f07\" data-element_type=\"container\">\n\t\t\t\t\t<div class=\"e-con-inner\">\n\t\t<div class=\"elementor-element elementor-element-c24002a e-con-full e-flex e-con e-child\" data-id=\"c24002a\" data-element_type=\"container\">\n\t\t\t\t<div class=\"elementor-element elementor-element-29dfa17 elementor-widget elementor-widget-text-editor\" data-id=\"29dfa17\" data-element_type=\"widget\" data-widget_type=\"text-editor.default\">\n\t\t\t\t<div class=\"elementor-widget-container\">\n\t\t\t\t\t\t\t\t\t<p>Vivijana Rogina was born in 1998 in Slovenj Gradec. She began her musical journey at the age of five at the Velenje Music School, studying with Prof. Danica Koren, and later continued her education at the Ljubljana Conservatory of Music and Ballet with Prof. Tatjana \u0160pragar. In 2021, she graduated from the Academy of Music in Ljubljana in the class of Prof. Vasilij Meljnikov, and in 2024 she completed her master\u2019s degree under his mentorship with distinction, also receiving a diploma with special commendation summa cum laude.<\/p><p>During her studies, she participated in numerous national and international competitions, achieving top awards. She is a recipient of the Pre\u0161eren Award of the Academy of Music in Ljubljana and the Berneker Plaque for artistic activity and creative work in the Carinthia region.<\/p>\t\t\t\t\t\t\t\t<\/div>\n\t\t\t\t<\/div>\n\t\t\t\t<\/div>\n\t\t<div class=\"elementor-element elementor-element-5235569 e-con-full e-flex e-con e-child\" data-id=\"5235569\" data-element_type=\"container\">\n\t\t\t\t<div class=\"elementor-element elementor-element-d00a101 elementor-widget elementor-widget-image\" data-id=\"d00a101\" data-element_type=\"widget\" data-widget_type=\"image.default\">\n\t\t\t\t<div class=\"elementor-widget-container\">\n\t\t\t\t\t\t\t\t\t\t\t\t\t\t\t<img fetchpriority=\"high\" decoding=\"async\" width=\"768\" height=\"1365\" src=\"https:\/\/stringtriotrinity.com\/wp-content\/uploads\/2025\/03\/rogina-1-768x1365.png\" class=\"attachment-medium_large size-medium_large wp-image-1113\" alt=\"\" srcset=\"https:\/\/stringtriotrinity.com\/wp-content\/uploads\/2025\/03\/rogina-1-768x1365.png 768w, https:\/\/stringtriotrinity.com\/wp-content\/uploads\/2025\/03\/rogina-1-169x300.png 169w, https:\/\/stringtriotrinity.com\/wp-content\/uploads\/2025\/03\/rogina-1-576x1024.png 576w, https:\/\/stringtriotrinity.com\/wp-content\/uploads\/2025\/03\/rogina-1-864x1536.png 864w, https:\/\/stringtriotrinity.com\/wp-content\/uploads\/2025\/03\/rogina-1.png 1080w\" sizes=\"(max-width: 768px) 100vw, 768px\" \/>\t\t\t\t\t\t\t\t\t\t\t\t\t\t\t<\/div>\n\t\t\t\t<\/div>\n\t\t\t\t<\/div>\n\t\t\t\t\t<\/div>\n\t\t\t\t<\/div>\n\t\t<div class=\"elementor-element elementor-element-c55fd07 e-flex e-con-boxed e-con e-parent\" data-id=\"c55fd07\" data-element_type=\"container\">\n\t\t\t\t\t<div class=\"e-con-inner\">\n\t\t\t\t<div class=\"elementor-element elementor-element-5d317af elementor-widget elementor-widget-text-editor\" data-id=\"5d317af\" data-element_type=\"widget\" data-widget_type=\"text-editor.default\">\n\t\t\t\t<div class=\"elementor-widget-container\">\n\t\t\t\t\t\t\t\t\t<p>As a soloist, she has performed with the Cantabile Symphony Orchestra, the RTV Slovenia Symphony Orchestra, the Symphony Orchestra of the Slovenian National Theatre Opera and Ballet Ljubljana, the Symphony Orchestra of the Slovenian National Theatre Opera and Ballet Maribor, the Stretto Chamber String Orchestra, and the Chamber String Orchestra of the Academy of Music. She performs regularly in various chamber ensembles.<\/p><p>She has collaborated with Oksana Pe\u010deny, Benjamin Ziervogl, Ana Dol\u017ean, Jaka Stadler, L\u00e1szl\u00f3 Kuti, Maru\u0161a Bogataj, Maja Rome, Izak Hudnik, Michael Gieler, Zoran Mitev, and others. She is a permanent member of the string trio TriNity and the family quartet 4Strings. In a duo with pianist Sae Lee, she has performed as part of the concert series organized by Glasbena mladina ljubljanska and Mladi virtuozi. She is a regular guest at the Carpe Artem chamber concert series and a member of the ensemble Dissonance.<\/p><p>From 2023 to 2025, she was employed in the orchestra of the Slovenian National Theatre Opera and Ballet Maribor. After successfully passing an audition, she became concertmaster of the Symphony Orchestra of the Ivan pl. Zajc Opera in Rijeka in 2025. She has further refined her skills through numerous masterclasses and seminars with Professors Christophe Poiget, Igor Ozim, Wonji Kim, Vesna Stankovi\u0107, Nade\u017eda Tokareva, Sihana Badivuku, Martyn Vink, Nahman Sluchin, and Lana Trotov\u0161ek.<\/p>\t\t\t\t\t\t\t\t<\/div>\n\t\t\t\t<\/div>\n\t\t\t\t\t<\/div>\n\t\t\t\t<\/div>\n\t\t<div class=\"elementor-element elementor-element-3f9b432 e-flex e-con-boxed e-con e-parent\" data-id=\"3f9b432\" data-element_type=\"container\">\n\t\t\t\t\t<div class=\"e-con-inner\">\n\t\t\t\t<div class=\"elementor-element elementor-element-163d836 elementor-widget elementor-widget-heading\" data-id=\"163d836\" data-element_type=\"widget\" data-widget_type=\"heading.default\">\n\t\t\t\t<div class=\"elementor-widget-container\">\n\t\t\t\t\t<h2 class=\"elementor-heading-title elementor-size-default\">Petar Njegovan<\/h2>\t\t\t\t<\/div>\n\t\t\t\t<\/div>\n\t\t\t\t\t<\/div>\n\t\t\t\t<\/div>\n\t\t<div class=\"elementor-element elementor-element-58c5079 e-flex e-con-boxed e-con e-parent\" data-id=\"58c5079\" data-element_type=\"container\">\n\t\t\t\t\t<div class=\"e-con-inner\">\n\t\t<div class=\"elementor-element elementor-element-058bbdb e-con-full e-flex e-con e-child\" data-id=\"058bbdb\" data-element_type=\"container\">\n\t\t\t\t<div class=\"elementor-element elementor-element-ea17108 elementor-widget elementor-widget-image\" data-id=\"ea17108\" data-element_type=\"widget\" data-widget_type=\"image.default\">\n\t\t\t\t<div class=\"elementor-widget-container\">\n\t\t\t\t\t\t\t\t\t\t\t\t\t\t\t<img decoding=\"async\" width=\"768\" height=\"1365\" src=\"https:\/\/stringtriotrinity.com\/wp-content\/uploads\/2025\/03\/petar-768x1365.png\" class=\"attachment-medium_large size-medium_large wp-image-1126\" alt=\"\" srcset=\"https:\/\/stringtriotrinity.com\/wp-content\/uploads\/2025\/03\/petar-768x1365.png 768w, https:\/\/stringtriotrinity.com\/wp-content\/uploads\/2025\/03\/petar-169x300.png 169w, https:\/\/stringtriotrinity.com\/wp-content\/uploads\/2025\/03\/petar-576x1024.png 576w, https:\/\/stringtriotrinity.com\/wp-content\/uploads\/2025\/03\/petar-864x1536.png 864w, https:\/\/stringtriotrinity.com\/wp-content\/uploads\/2025\/03\/petar.png 1080w\" sizes=\"(max-width: 768px) 100vw, 768px\" \/>\t\t\t\t\t\t\t\t\t\t\t\t\t\t\t<\/div>\n\t\t\t\t<\/div>\n\t\t\t\t<\/div>\n\t\t<div class=\"elementor-element elementor-element-23899af e-con-full e-flex e-con e-child\" data-id=\"23899af\" data-element_type=\"container\">\n\t\t\t\t<div class=\"elementor-element elementor-element-8b162f0 elementor-widget elementor-widget-text-editor\" data-id=\"8b162f0\" data-element_type=\"widget\" data-widget_type=\"text-editor.default\">\n\t\t\t\t<div class=\"elementor-widget-container\">\n\t\t\t\t\t\t\t\t\t<p>Petar Njegovan was born in Pula. He began his musical education with violin studies in the class of Prof. Sanja Pan\u010devski at the Slavko Zlati\u0107 Primary Music School in Pore\u010d. He graduated with special distinction summa cum laude in viola performance under Professor Emil Cantor at the Academy of Music in Ljubljana. He is the recipient of numerous awards at national and international competitions.<\/p><p>He regularly collaborates in various chamber ensembles and orchestras and presents recitals and solo performances. He has worked with renowned Slovenian and international musicians such as Oksana Pe\u010deny, Alja\u017e Cvirn, Milan Hudnik, Vivijana Rogina, Izak Hudnik, Vasilij Meljnikov, Milo\u0161 Mlejnik, Zoran Markovi\u0107, Emil Cantor, Maja Rome, Gorjan Ko\u0161uta, Sandro Ve\u0161ligaj, Izidor Erazem Grafenauer, Michael Gieler, L\u00e1szl\u00f3 Kuti, Benjamin Ziervogl, and others. Together with the renowned Croatian guitarist Sa\u0161a Dejanovi\u0107, he performs in a permanent viola\u2013guitar duo.<\/p>\t\t\t\t\t\t\t\t<\/div>\n\t\t\t\t<\/div>\n\t\t\t\t<\/div>\n\t\t\t\t\t<\/div>\n\t\t\t\t<\/div>\n\t\t<div class=\"elementor-element elementor-element-d294312 e-flex e-con-boxed e-con e-parent\" data-id=\"d294312\" data-element_type=\"container\">\n\t\t\t\t\t<div class=\"e-con-inner\">\n\t\t\t\t<div class=\"elementor-element elementor-element-799bc37 elementor-widget elementor-widget-text-editor\" data-id=\"799bc37\" data-element_type=\"widget\" data-widget_type=\"text-editor.default\">\n\t\t\t\t<div class=\"elementor-widget-container\">\n\t\t\t\t\t\t\t\t\t<p>He is a permanent member of the string quartet 4Strings, the string trio TriNity, and the ensemble Dissonance. Since his first year of viola studies at the Academy of Music in Ljubljana, he has collaborated as a regular guest member with professional orchestras. He performs with the RTV Slovenia Orchestra, the Orchestra of the Slovenian National Theatre Opera and Ballet Ljubljana, and the Slovenian Philharmonic.<\/p><p>Izpopolnjeval se je pri svetovno priznanih violistih, med njimi Garthu Knoxu, Atarju Aradu, Vincentu Royerju in Nobuku Imai. Leta 2021 je po uspe\u0161no opravljeni avdiciji za vodjo sekcije viol v Simfoni\u010dnem orkestru SNG Maribor deloval kot gostujo\u010di solo violist v obdobju od novembra 2021 do marca 2022. Trenutno je zaposlen kot violist v Simfoni\u010dnem orkestru SNG Maribor.<\/p>\t\t\t\t\t\t\t\t<\/div>\n\t\t\t\t<\/div>\n\t\t\t\t\t<\/div>\n\t\t\t\t<\/div>\n\t\t<div class=\"elementor-element elementor-element-cd6ad97 e-flex e-con-boxed e-con e-parent\" data-id=\"cd6ad97\" data-element_type=\"container\">\n\t\t\t\t\t<div class=\"e-con-inner\">\n\t\t\t\t<div class=\"elementor-element elementor-element-14184c6 elementor-widget elementor-widget-heading\" data-id=\"14184c6\" data-element_type=\"widget\" data-widget_type=\"heading.default\">\n\t\t\t\t<div class=\"elementor-widget-container\">\n\t\t\t\t\t<h2 class=\"elementor-heading-title elementor-size-default\">Gorazd Strli\u010d<\/h2>\t\t\t\t<\/div>\n\t\t\t\t<\/div>\n\t\t\t\t\t<\/div>\n\t\t\t\t<\/div>\n\t\t<div class=\"elementor-element elementor-element-7ab6e06 e-flex e-con-boxed e-con e-parent\" data-id=\"7ab6e06\" data-element_type=\"container\">\n\t\t\t\t\t<div class=\"e-con-inner\">\n\t\t<div class=\"elementor-element elementor-element-2c756f5 e-con-full e-flex e-con e-child\" data-id=\"2c756f5\" data-element_type=\"container\">\n\t\t\t\t<div class=\"elementor-element elementor-element-5bd63cc elementor-widget elementor-widget-text-editor\" data-id=\"5bd63cc\" data-element_type=\"widget\" data-widget_type=\"text-editor.default\">\n\t\t\t\t<div class=\"elementor-widget-container\">\n\t\t\t\t\t\t\t\t\t<p>Gorazd Strli\u010d is an established Slovenian cellist. Since 2004, he has been employed as principal cellist of the Orchestra of the Opera and Ballet Maribor, and since 2023 he has also been teaching at the Maribor Conservatory of Music and Ballet. He has been playing the cello since the age of seven.<\/p><p>He studied with Vladimir Kova\u010di\u010d and Ciril \u0160kerjanec at the Academy of Music in Ljubljana, where he completed a postgraduate specialist program in 2006. His repertoire spans works from the Baroque period to contemporary music. As a soloist, he has performed with the Symphony Orchestra of the Slovenian Philharmonic, the Symphony Orchestra of the Slovenian National Theatre Maribor, the Youth Orchestra, the Maribor Chamber String Orchestra, and others. In 2023, he gave the world premiere of the Second Concerto for Cello and Orchestra composed by Slovenian composer Jani Golob.<\/p>\t\t\t\t\t\t\t\t<\/div>\n\t\t\t\t<\/div>\n\t\t\t\t<\/div>\n\t\t<div class=\"elementor-element elementor-element-978d1d4 e-con-full e-flex e-con e-child\" data-id=\"978d1d4\" data-element_type=\"container\">\n\t\t\t\t<div class=\"elementor-element elementor-element-9b5a9a8 elementor-widget elementor-widget-image\" data-id=\"9b5a9a8\" data-element_type=\"widget\" data-widget_type=\"image.default\">\n\t\t\t\t<div class=\"elementor-widget-container\">\n\t\t\t\t\t\t\t\t\t\t\t\t\t\t\t<img decoding=\"async\" width=\"576\" height=\"1024\" src=\"https:\/\/stringtriotrinity.com\/wp-content\/uploads\/2025\/03\/gogi-576x1024.png\" class=\"attachment-large size-large wp-image-1142\" alt=\"\" srcset=\"https:\/\/stringtriotrinity.com\/wp-content\/uploads\/2025\/03\/gogi-576x1024.png 576w, https:\/\/stringtriotrinity.com\/wp-content\/uploads\/2025\/03\/gogi-169x300.png 169w, https:\/\/stringtriotrinity.com\/wp-content\/uploads\/2025\/03\/gogi-768x1365.png 768w, https:\/\/stringtriotrinity.com\/wp-content\/uploads\/2025\/03\/gogi-864x1536.png 864w, https:\/\/stringtriotrinity.com\/wp-content\/uploads\/2025\/03\/gogi.png 1080w\" sizes=\"(max-width: 576px) 100vw, 576px\" \/>\t\t\t\t\t\t\t\t\t\t\t\t\t\t\t<\/div>\n\t\t\t\t<\/div>\n\t\t\t\t<\/div>\n\t\t\t\t\t<\/div>\n\t\t\t\t<\/div>\n\t\t<div class=\"elementor-element elementor-element-ea9f3e5 e-flex e-con-boxed e-con e-parent\" data-id=\"ea9f3e5\" data-element_type=\"container\">\n\t\t\t\t\t<div class=\"e-con-inner\">\n\t\t\t\t<div class=\"elementor-element elementor-element-dcd8493 elementor-widget elementor-widget-text-editor\" data-id=\"dcd8493\" data-element_type=\"widget\" data-widget_type=\"text-editor.default\">\n\t\t\t\t<div class=\"elementor-widget-container\">\n\t\t\t\t\t\t\t\t\t<p>He is deeply dedicated to chamber music and performs in a variety of ensembles. For many years, he was a member of the SpiriArt Trio, Inquartet, and Trio Maribor, and he is currently active in the trio TriNity. He regularly performs at renowned festivals such as the Ljubljana Festival, Lent Festival, Maribor Festival, and Cellofest. He also frequently collaborates in the Carpe Artem chamber music series with distinguished soloists.<\/p><p>He is the recipient of numerous top prizes at national and international competitions, as well as the Klasinc Award of the Maribor Conservatory of Music and Ballet and the Student Pre\u0161eren Award of the Academy of Music in Ljubljana. His virtuosity and artistic dedication place him among the leading Slovenian cellists.<\/p>\t\t\t\t\t\t\t\t<\/div>\n\t\t\t\t<\/div>\n\t\t\t\t\t<\/div>\n\t\t\t\t<\/div>\n\t\t<div class=\"elementor-element elementor-element-4ca7932 e-flex e-con-boxed e-con e-parent\" data-id=\"4ca7932\" data-element_type=\"container\">\n\t\t\t\t\t<div class=\"e-con-inner\">\n\t\t\t\t<div class=\"elementor-element elementor-element-6fdd1df elementor-widget elementor-widget-heading\" data-id=\"6fdd1df\" data-element_type=\"widget\" data-widget_type=\"heading.default\">\n\t\t\t\t<div class=\"elementor-widget-container\">\n\t\t\t\t\t<h2 class=\"elementor-heading-title elementor-size-default\">Photos by Matja\u017e Vertu\u0161\u200b<\/h2>\t\t\t\t<\/div>\n\t\t\t\t<\/div>\n\t\t\t\t\t<\/div>\n\t\t\t\t<\/div>\n\t\t\t\t<\/div>","protected":false},"excerpt":{"rendered":"<p>String Trio Trinity Smo godalni trio TriNity, ki ga sestavljamo akademski klasi\u010dni glasbeniki \u2013 violinistka Vivijana Rogina, violon\u010delist Gorazd Strli\u010d in violist Petar Njegovan. Vsi smo sodelavci in \u010dlani simfoni\u010dnega orkestra Opernega gledali\u0161\u010da Maribor, kjer nas je zdru\u017eila skupna ljubezen do glasbe. Trio smo ustanovili z \u017eeljo po skupnem muziciranju izven okvirov simfoni\u010dne in operne [&hellip;]<\/p>","protected":false},"author":1,"featured_media":0,"parent":0,"menu_order":0,"comment_status":"closed","ping_status":"closed","template":"","meta":{"site-sidebar-layout":"no-sidebar","site-content-layout":"page-builder","ast-site-content-layout":"full-width-container","site-content-style":"unboxed","site-sidebar-style":"unboxed","ast-global-header-display":"","ast-banner-title-visibility":"","ast-main-header-display":"","ast-hfb-above-header-display":"","ast-hfb-below-header-display":"","ast-hfb-mobile-header-display":"","site-post-title":"disabled","ast-breadcrumbs-content":"disabled","ast-featured-img":"disabled","footer-sml-layout":"","theme-transparent-header-meta":"enabled","adv-header-id-meta":"","stick-header-meta":"","header-above-stick-meta":"","header-main-stick-meta":"","header-below-stick-meta":"","astra-migrate-meta-layouts":"set","ast-page-background-enabled":"default","ast-page-background-meta":{"desktop":{"background-color":"","background-image":"","background-repeat":"repeat","background-position":"center center","background-size":"auto","background-attachment":"scroll","background-type":"","background-media":"","overlay-type":"","overlay-color":"","overlay-opacity":"","overlay-gradient":""},"tablet":{"background-color":"","background-image":"","background-repeat":"repeat","background-position":"center center","background-size":"auto","background-attachment":"scroll","background-type":"","background-media":"","overlay-type":"","overlay-color":"","overlay-opacity":"","overlay-gradient":""},"mobile":{"background-color":"","background-image":"","background-repeat":"repeat","background-position":"center center","background-size":"auto","background-attachment":"scroll","background-type":"","background-media":"","overlay-type":"","overlay-color":"","overlay-opacity":"","overlay-gradient":""}},"ast-content-background-meta":{"desktop":{"background-color":"var(--ast-global-color-5)","background-image":"","background-repeat":"repeat","background-position":"center center","background-size":"auto","background-attachment":"scroll","background-type":"","background-media":"","overlay-type":"","overlay-color":"","overlay-opacity":"","overlay-gradient":""},"tablet":{"background-color":"var(--ast-global-color-5)","background-image":"","background-repeat":"repeat","background-position":"center center","background-size":"auto","background-attachment":"scroll","background-type":"","background-media":"","overlay-type":"","overlay-color":"","overlay-opacity":"","overlay-gradient":""},"mobile":{"background-color":"var(--ast-global-color-5)","background-image":"","background-repeat":"repeat","background-position":"center center","background-size":"auto","background-attachment":"scroll","background-type":"","background-media":"","overlay-type":"","overlay-color":"","overlay-opacity":"","overlay-gradient":""}},"footnotes":""},"class_list":["post-19","page","type-page","status-publish","hentry"],"_links":{"self":[{"href":"https:\/\/stringtriotrinity.com\/en\/wp-json\/wp\/v2\/pages\/19","targetHints":{"allow":["GET"]}}],"collection":[{"href":"https:\/\/stringtriotrinity.com\/en\/wp-json\/wp\/v2\/pages"}],"about":[{"href":"https:\/\/stringtriotrinity.com\/en\/wp-json\/wp\/v2\/types\/page"}],"author":[{"embeddable":true,"href":"https:\/\/stringtriotrinity.com\/en\/wp-json\/wp\/v2\/users\/1"}],"replies":[{"embeddable":true,"href":"https:\/\/stringtriotrinity.com\/en\/wp-json\/wp\/v2\/comments?post=19"}],"version-history":[{"count":134,"href":"https:\/\/stringtriotrinity.com\/en\/wp-json\/wp\/v2\/pages\/19\/revisions"}],"predecessor-version":[{"id":1375,"href":"https:\/\/stringtriotrinity.com\/en\/wp-json\/wp\/v2\/pages\/19\/revisions\/1375"}],"wp:attachment":[{"href":"https:\/\/stringtriotrinity.com\/en\/wp-json\/wp\/v2\/media?parent=19"}],"curies":[{"name":"wp","href":"https:\/\/api.w.org\/{rel}","templated":true}]}}